{"id":4874,"date":"2024-01-12T03:24:04","date_gmt":"2024-01-12T03:24:04","guid":{"rendered":"https:\/\/raigal.com.co\/?post_type=product&#038;p=4874"},"modified":"2026-03-13T14:15:25","modified_gmt":"2026-03-13T14:15:25","slug":"cafe-saborizado-endulzado-con-cana-de-azucar-por-4-und-2","status":"publish","type":"product","link":"https:\/\/raigal.com.co\/en\/product\/cafe-saborizado-endulzado-con-cana-de-azucar-por-4-und-2\/","title":{"rendered":"Flavored Coffee Sweetened with Sugar Cane 4 Und."},"content":{"rendered":"","protected":false},"excerpt":{"rendered":"<p>4 unidades de cubos de Caf\u00e9 Ar\u00e1bica colombiano cuidadosamente cultivado en altitudes ideales. Sum\u00e9rgete en la experiencia de notas \u00fanicas de nuestro caf\u00e9 endulzado con ca\u00f1a de az\u00facar y en diferentes sabores. (Vainilla, Amaretto, Crema Irlandesa y Cappuccino).<\/p>","protected":false},"featured_media":5640,"comment_status":"closed","ping_status":"closed","template":"","meta":{"_uag_custom_page_level_css":"","site-sidebar-layout":"default","site-content-layout":"","ast-site-content-layout":"default","site-content-style":"default","site-sidebar-style":"default","ast-global-header-display":"","ast-banner-title-visibility":"","ast-main-header-display":"","ast-hfb-above-header-display":"","ast-hfb-below-header-display":"","ast-hfb-mobile-header-display":"","site-post-title":"","ast-breadcrumbs-content":"","ast-featured-img":"","footer-sml-layout":"","ast-disable-related-posts":"","theme-transparent-header-meta":"default","adv-header-id-meta":"","stick-header-meta":"","header-above-stick-meta":"","header-main-stick-meta":"","header-below-stick-meta":"","astra-migrate-meta-layouts":"set","ast-page-background-enabled":"default","ast-page-background-meta":{"desktop":{"background-color":"var(--ast-global-color-4)","background-image":"","background-repeat":"repeat","background-position":"center center","background-size":"auto","background-attachment":"scroll","background-type":"","background-media":"","overlay-type":"","overlay-color":"","overlay-opacity":"","overlay-gradient":""},"tablet":{"background-color":"","background-image":"","background-repeat":"repeat","background-position":"center center","background-size":"auto","background-attachment":"scroll","background-type":"","background-media":"","overlay-type":"","overlay-color":"","overlay-opacity":"","overlay-gradient":""},"mobile":{"background-color":"","background-image":"","background-repeat":"repeat","background-position":"center center","background-size":"auto","background-attachment":"scroll","background-type":"","background-media":"","overlay-type":"","overlay-color":"","overlay-opacity":"","overlay-gradient":""}},"ast-content-background-meta":{"desktop":{"background-color":"var(--ast-global-color-5)","background-image":"","background-repeat":"repeat","background-position":"center center","background-size":"auto","background-attachment":"scroll","background-type":"","background-media":"","overlay-type":"","overlay-color":"","overlay-opacity":"","overlay-gradient":""},"tablet":{"background-color":"var(--ast-global-color-5)","background-image":"","background-repeat":"repeat","background-position":"center center","background-size":"auto","background-attachment":"scroll","background-type":"","background-media":"","overlay-type":"","overlay-color":"","overlay-opacity":"","overlay-gradient":""},"mobile":{"background-color":"var(--ast-global-color-5)","background-image":"","background-repeat":"repeat","background-position":"center center","background-size":"auto","background-attachment":"scroll","background-type":"","background-media":"","overlay-type":"","overlay-color":"","overlay-opacity":"","overlay-gradient":""}},"_vp_format_video_url":"","_vp_image_focal_point":[]},"product_brand":[],"product_cat":[15],"product_tag":[],"class_list":{"0":"post-4874","1":"product","2":"type-product","3":"status-publish","4":"has-post-thumbnail","6":"product_cat-cafe","7":"desktop-align-center","8":"tablet-align-left","9":"mobile-align-left","11":"first","12":"instock","13":"shipping-taxable","14":"purchasable","15":"product-type-simple"},"uagb_featured_image_src":{"full":["https:\/\/raigal.com.co\/wp-content\/uploads\/2024\/01\/IMG-20241029-WA0023.jpg",1290,1290,false],"thumbnail":["https:\/\/raigal.com.co\/wp-content\/uploads\/2024\/01\/IMG-20241029-WA0023-150x150.jpg",150,150,true],"medium":["https:\/\/raigal.com.co\/wp-content\/uploads\/2024\/01\/IMG-20241029-WA0023-300x300.jpg",300,300,true],"medium_large":["https:\/\/raigal.com.co\/wp-content\/uploads\/2024\/01\/IMG-20241029-WA0023-768x768.jpg",768,768,true],"large":["https:\/\/raigal.com.co\/wp-content\/uploads\/2024\/01\/IMG-20241029-WA0023-1024x1024.jpg",1024,1024,true],"1536x1536":["https:\/\/raigal.com.co\/wp-content\/uploads\/2024\/01\/IMG-20241029-WA0023.jpg",1290,1290,false],"2048x2048":["https:\/\/raigal.com.co\/wp-content\/uploads\/2024\/01\/IMG-20241029-WA0023.jpg",1290,1290,false],"trp-custom-language-flag":["https:\/\/raigal.com.co\/wp-content\/uploads\/2024\/01\/IMG-20241029-WA0023-12x12.jpg",12,12,true],"vp_sm":["https:\/\/raigal.com.co\/wp-content\/uploads\/2024\/01\/IMG-20241029-WA0023.jpg",500,500,false],"vp_md":["https:\/\/raigal.com.co\/wp-content\/uploads\/2024\/01\/IMG-20241029-WA0023.jpg",800,800,false],"vp_lg":["https:\/\/raigal.com.co\/wp-content\/uploads\/2024\/01\/IMG-20241029-WA0023.jpg",1280,1280,false],"vp_xl":["https:\/\/raigal.com.co\/wp-content\/uploads\/2024\/01\/IMG-20241029-WA0023.jpg",1290,1290,false],"vp_sm_popup":["https:\/\/raigal.com.co\/wp-content\/uploads\/2024\/01\/IMG-20241029-WA0023.jpg",500,500,false],"vp_md_popup":["https:\/\/raigal.com.co\/wp-content\/uploads\/2024\/01\/IMG-20241029-WA0023.jpg",800,800,false],"vp_xl_popup":["https:\/\/raigal.com.co\/wp-content\/uploads\/2024\/01\/IMG-20241029-WA0023.jpg",1290,1290,false],"woocommerce_thumbnail":["https:\/\/raigal.com.co\/wp-content\/uploads\/2024\/01\/IMG-20241029-WA0023-300x300.jpg",300,300,true],"woocommerce_single":["https:\/\/raigal.com.co\/wp-content\/uploads\/2024\/01\/IMG-20241029-WA0023-600x600.jpg",600,600,true],"woocommerce_gallery_thumbnail":["https:\/\/raigal.com.co\/wp-content\/uploads\/2024\/01\/IMG-20241029-WA0023-100x100.jpg",100,100,true]},"uagb_author_info":{"display_name":"info","author_link":"https:\/\/raigal.com.co\/en\/author\/"},"uagb_comment_info":0,"uagb_excerpt":"4 unidades de cubos de Caf\u00e9 Ar\u00e1bica colombiano cuidadosamente cultivado en altitudes ideales. Sum\u00e9rgete en la experiencia de notas \u00fanicas de nuestro caf\u00e9 endulzado con ca\u00f1a de az\u00facar y en diferentes sabores. (Vainilla, Amaretto, Crema Irlandesa y Cappuccino).","_links":{"self":[{"href":"https:\/\/raigal.com.co\/en\/wp-json\/wp\/v2\/product\/4874","targetHints":{"allow":["GET"]}}],"collection":[{"href":"https:\/\/raigal.com.co\/en\/wp-json\/wp\/v2\/product"}],"about":[{"href":"https:\/\/raigal.com.co\/en\/wp-json\/wp\/v2\/types\/product"}],"replies":[{"embeddable":true,"href":"https:\/\/raigal.com.co\/en\/wp-json\/wp\/v2\/comments?post=4874"}],"wp:featuredmedia":[{"embeddable":true,"href":"https:\/\/raigal.com.co\/en\/wp-json\/wp\/v2\/media\/5640"}],"wp:attachment":[{"href":"https:\/\/raigal.com.co\/en\/wp-json\/wp\/v2\/media?parent=4874"}],"wp:term":[{"taxonomy":"product_brand","embeddable":true,"href":"https:\/\/raigal.com.co\/en\/wp-json\/wp\/v2\/product_brand?post=4874"},{"taxonomy":"product_cat","embeddable":true,"href":"https:\/\/raigal.com.co\/en\/wp-json\/wp\/v2\/product_cat?post=4874"},{"taxonomy":"product_tag","embeddable":true,"href":"https:\/\/raigal.com.co\/en\/wp-json\/wp\/v2\/product_tag?post=4874"}],"curies":[{"name":"wp","href":"https:\/\/api.w.org\/{rel}","templated":true}]}}