{"id":5810,"date":"2025-10-14T19:31:09","date_gmt":"2025-10-14T19:31:09","guid":{"rendered":"https:\/\/raigal.com.co\/home-2-2\/"},"modified":"2025-10-16T16:21:04","modified_gmt":"2025-10-16T16:21:04","slug":"home-2-2","status":"publish","type":"page","link":"https:\/\/raigal.com.co\/en\/","title":{"rendered":"Home"},"content":{"rendered":"<div class=\"wp-block-uagb-container uagb-block-abb85a82 alignfull uagb-is-root-container\"><div class=\"uagb-container-inner-blocks-wrap\">\n<div class=\"wp-block-uagb-info-box uagb-block-2ba65764 uagb-infobox__content-wrap  uagb-infobox-icon-above-title uagb-infobox-image-valign-top wp-block-uagb-info-box--has-margin\"><div class=\"uagb-infobox-margin-wrapper\"><div class=\"uagb-ifb-content\"><div class=\"uagb-ifb-title-wrap\"><h1 class=\"uagb-ifb-title\">sabores DE CALIDAD A NIVEL MUNDIAL<\/h1><\/div><div class=\"uagb-ifb-button-wrapper wp-block-button\"><a href=\"\/en\/contact\/\" class=\"uagb-infobox-cta-link wp-block-button__link\" target=\"_self\" rel=\"noopener noreferrer\" onclick=\"return true;\"><span class=\"uagb-inline-editing\">Descubre m\u00e1s<\/span><\/a><\/div><\/div><\/div><\/div>\n\n\n\n<div class=\"wp-block-uagb-image aligncenter uagb-block-f8b35cf0 wp-block-uagb-image--layout-default wp-block-uagb-image--effect-static wp-block-uagb-image--align-center\"><figure class=\"wp-block-uagb-image__figure\"><img decoding=\"async\" srcset=\"https:\/\/raigal.com.co\/wp-content\/uploads\/2025\/10\/Captura-de-pantalla-2024-01-11-224803-1024x677.png ,https:\/\/raigal.com.co\/wp-content\/uploads\/2025\/10\/Captura-de-pantalla-2024-01-11-224803.png 780w, https:\/\/raigal.com.co\/wp-content\/uploads\/2025\/10\/Captura-de-pantalla-2024-01-11-224803.png 360w\" sizes=\"auto, (max-width: 480px) 150px\" src=\"https:\/\/raigal.com.co\/wp-content\/uploads\/2025\/10\/Captura-de-pantalla-2024-01-11-224803-1024x677.png\" alt=\"captura de pantalla 2024 01 11 224803\" class=\"uag-image-5867\" width=\"1200\" height=\"600\" title=\"captura de pantalla 2024 01 11 224803\" loading=\"lazy\" role=\"img\"\/><\/figure><\/div>\n<\/div><\/div>\n\n\n\n<div class=\"wp-block-uagb-container uagb-block-eb2c8490 default uagb-is-root-container\">\n<div class=\"wp-block-uagb-advanced-heading uagb-block-9ab6255a\"><h2 class=\"uagb-heading-text\">Nuestros Productos<\/h2><div class=\"uagb-separator\"><\/div><\/div>\n\n\n\n<div class=\"wp-block-uagb-container uagb-block-891e0dd8\">\n<div class=\"wp-block-uagb-info-box uagb-block-ecab534c uagb-infobox__content-wrap  uagb-infobox-icon-above-title uagb-infobox-image-valign-top\"><div class=\"uagb-ifb-content\"><div class=\"uagb-ifb-image-content\"><img decoding=\"async\" src=\"https:\/\/raigal.com.co\/wp-content\/uploads\/2025\/10\/Imagen-de-WhatsApp-2025-10-14-a-las-14.56.01_e1102404-e1760472296459-1024x1024.jpg\" alt=\"imagen de whatsapp 2025 10 14 a las 14.56.01 e1102404\" width=\"\" height=\"0\" loading=\"lazy\" title=\"Home\"><\/div><div class=\"uagb-ifb-title-wrap\"><h3 class=\"uagb-ifb-title\">Caf\u00e9 en Cubos<\/h3><\/div><p class=\"uagb-ifb-desc\">Variedades \u00fanicas de caf\u00e9 colombiano en cubos individuales.<\/p><div class=\"uagb-ifb-button-wrapper wp-block-button\"><a href=\"\/en\/services\/\" target=\"_self\" onclick=\"return true;\" class=\"uagb-infobox-cta-link\" rel=\"noopener noreferrer\"><span class=\"uagb-inline-editing\">Leer M\u00e1s<\/span><\/a><\/div><\/div><\/div>\n\n\n\n<div class=\"wp-block-uagb-info-box uagb-block-54195add uagb-infobox__content-wrap  uagb-infobox-icon-above-title uagb-infobox-image-valign-top\"><div class=\"uagb-ifb-content\"><div class=\"uagb-ifb-image-content\"><img decoding=\"async\" src=\"https:\/\/raigal.com.co\/wp-content\/uploads\/2025\/10\/Captura-de-pantalla-2025-10-14-150614-300x280.png\" alt=\"captura de pantalla 2025 10 14 150614\" width=\"\" height=\"0\" loading=\"lazy\" title=\"Home\"><\/div><div class=\"uagb-ifb-title-wrap\"><h3 class=\"uagb-ifb-title\">Caf\u00e9 Molido<\/h3><\/div><p class=\"uagb-ifb-desc\">Caf\u00e9 colombiano de alta calidad, listo para preparar.<\/p><div class=\"uagb-ifb-button-wrapper wp-block-button\"><a href=\"\/en\/services\/\" target=\"_self\" onclick=\"return true;\" class=\"uagb-infobox-cta-link\" rel=\"noopener noreferrer\"><span class=\"uagb-inline-editing\">Leer M\u00e1s<\/span><\/a><\/div><\/div><\/div>\n\n\n\n<div class=\"wp-block-uagb-info-box uagb-block-6881abda uagb-infobox__content-wrap  uagb-infobox-icon-above-title uagb-infobox-image-valign-top\"><div class=\"uagb-ifb-content\"><div class=\"uagb-ifb-image-content\"><img decoding=\"async\" src=\"https:\/\/raigal.com.co\/wp-content\/uploads\/2024\/10\/pariwat-pannium-S8daAB_nJSg-unsplash-scaled-e1760472257150-300x300.jpg\" alt=\"Pariwat Pannium S8daAB NJSg Unsplash Scaled E1760472257150 300x300\" width=\"\" height=\"0\" loading=\"lazy\" title=\"Home\"><\/div><div class=\"uagb-ifb-title-wrap\"><h3 class=\"uagb-ifb-title\">Caf\u00e9 Tostado<\/h3><\/div><p class=\"uagb-ifb-desc\">Caf\u00e9 tostado con procesos artesanales que destacan su sabor.<\/p><div class=\"uagb-ifb-button-wrapper wp-block-button\"><a href=\"\/en\/services\/\" target=\"_self\" onclick=\"return true;\" class=\"uagb-infobox-cta-link\" rel=\"noopener noreferrer\"><span class=\"uagb-inline-editing\">Leer M\u00e1s<\/span><\/a><\/div><\/div><\/div>\n<\/div>\n<\/div>\n\n\n\n<div class=\"wp-block-uagb-container uagb-layout-grid uagb-block-09a2dff8 alignfull uagb-is-root-container\"><div class=\"uagb-container-inner-blocks-wrap\">\n<div class=\"wp-block-uagb-container uagb-block-92559a39\">\n<div class=\"wp-block-uagb-image alignleft uagb-block-642acdb2 wp-block-uagb-image--layout-default wp-block-uagb-image--effect-static wp-block-uagb-image--align-left\"><figure class=\"wp-block-uagb-image__figure\"><img decoding=\"async\" srcset=\"https:\/\/raigal.com.co\/wp-content\/uploads\/2025\/10\/pexels-photo-13624327.jpeg ,https:\/\/raigal.com.co\/wp-content\/uploads\/2025\/10\/pexels-photo-13624327.jpeg 780w, https:\/\/raigal.com.co\/wp-content\/uploads\/2025\/10\/pexels-photo-13624327.jpeg 360w\" sizes=\"auto, (max-width: 480px) 150px\" src=\"https:\/\/raigal.com.co\/wp-content\/uploads\/2025\/10\/pexels-photo-13624327.jpeg\" alt=\"Dynamic shot of roasted coffee beans falling, capturing the essence of freshness.\" class=\"uag-image-5797\" width=\"310\" height=\"500\" title=\"about-us-01\" loading=\"lazy\" role=\"img\"\/><\/figure><\/div>\n\n\n\n<div class=\"wp-block-uagb-image alignleft uagb-block-7a06ecd8 wp-block-uagb-image--layout-default wp-block-uagb-image--effect-static wp-block-uagb-image--align-left uag-hide-tab uag-hide-mob\"><figure class=\"wp-block-uagb-image__figure\"><img decoding=\"async\" srcset=\"https:\/\/raigal.com.co\/wp-content\/uploads\/2025\/10\/pexels-photo-29527492.jpeg ,https:\/\/raigal.com.co\/wp-content\/uploads\/2025\/10\/pexels-photo-29527492.jpeg 780w, https:\/\/raigal.com.co\/wp-content\/uploads\/2025\/10\/pexels-photo-29527492.jpeg 360w\" sizes=\"auto, (max-width: 480px) 150px\" src=\"https:\/\/raigal.com.co\/wp-content\/uploads\/2025\/10\/pexels-photo-29527492.jpeg\" alt=\"Detailed view of aromatic coffee beans spilling from a white cup on a white surface.\" class=\"uag-image-5798\" width=\"310\" height=\"500\" title=\"about-us-02\" loading=\"lazy\" role=\"img\"\/><\/figure><\/div>\n<\/div>\n\n\n\n<div class=\"wp-block-uagb-info-box uagb-block-2f2beea1 uagb-infobox__content-wrap  uagb-infobox-icon-above-title uagb-infobox-image-valign-top\"><div class=\"uagb-ifb-content\"><div class=\"uagb-ifb-title-wrap\"><h2 class=\"uagb-ifb-title-prefix\">NOSOTROS<\/h2><div class=\"uagb-ifb-separator\"><\/div><\/div><p class=\"uagb-ifb-desc\">Bienvenidos a Raigal, donde la autenticidad colombiana cobra vida. Descubre productos que exaltan la riqueza de nuestra cultura, llev\u00e1ndote la esencia de Colombia.<br><br>The relentless pursuit of quality defines our essence. We take pride in presenting a meticulous selection of premium ingredients, such as the renowned Colombian Arabica coffee. With its exquisite flavor and worldwide recognition, each cup is a sensory delight. Additionally, we use organic sugar cane, reflecting our commitment to sustainability and purity. In every product, you'll discover the result of our dedicated effort to offer a unique and authentic experience.<br><br>En Raigal, trabajamos con productos cultivados de manera excepcional y con conexiones significativas. Colaboramos con agricultores y comunidades para crear un impacto positivo y un futuro sostenible. Cada compra contribuye a la prosperidad de quienes cultivan nuestros ingredientes.<\/p><div class=\"uagb-ifb-button-wrapper wp-block-button\"><a href=\"\/en\/about\/\" class=\"uagb-infobox-cta-link wp-block-button__link\" target=\"_self\" rel=\"noopener noreferrer\" onclick=\"return true;\"><span class=\"uagb-inline-editing\">Leer M\u00e1s<\/span><\/a><\/div><\/div><\/div>\n<\/div><\/div>\n\n\n\n<div class=\"wp-block-uagb-container uagb-layout-flex uagb-block-e06056a5 default uagb-is-root-container\">\n<div class=\"wp-block-uagb-advanced-heading uagb-block-a5d004a0\"><div class=\"uagb-separator\"><\/div><h2 class=\"uagb-heading-text\">\u00a1Prueba nuestros exquisitos caf\u00e9s hoy!<\/h2><\/div>\n\n\n\n<div class=\"wp-block-uagb-buttons uagb-buttons__outer-wrap uagb-btn__default-btn uagb-btn-tablet__default-btn uagb-btn-mobile__default-btn uagb-block-1bbd60f4\"><div class=\"uagb-buttons__wrap uagb-buttons-layout-wrap\">\n<div class=\"wp-block-uagb-buttons-child uagb-buttons__outer-wrap uagb-block-b2e393f2 wp-block-button\"><div class=\"uagb-button__wrapper\"><a class=\"uagb-buttons-repeater wp-block-button__link\" aria-label=\"\" href=\"\/en\/contact\/\" rel=\"follow noopener\" target=\"_self\" role=\"button\"><div class=\"uagb-button__link\">Descubre m\u00e1s<\/div><\/a><\/div><\/div>\n<\/div><\/div>\n<\/div>\n\n\n\n<div class=\"wp-block-uagb-container uagb-block-5437e5fe alignfull uagb-is-root-container\"><div class=\"uagb-container-inner-blocks-wrap\">\n<div class=\"wp-block-uagb-advanced-heading uagb-block-7ae2d4dc\"><h2 class=\"uagb-heading-text\">Nuestra Propuesta \u00danica<\/h2><div class=\"uagb-separator\"><\/div><\/div>\n\n\n\n<div class=\"wp-block-uagb-container uagb-layout-grid uagb-block-33274078\">\n<div class=\"wp-block-uagb-advanced-heading uagb-block-8b6b4270\"><\/div>\n\n\n\n<div class=\"wp-block-uagb-advanced-heading uagb-block-5730315d\"><h2 class=\"uagb-heading-text\">Calidad Premium<\/h2><\/div>\n\n\n\n<div class=\"wp-block-uagb-advanced-heading uagb-block-204d1a8b\"><p class=\"uagb-heading-text\">Seleccionamos a mano los mejores granos de caf\u00e9 colombiano para garantizar un sabor excepcional en cada cubo individual que producimos.<\/p><\/div>\n<\/div>\n\n\n\n<div class=\"wp-block-uagb-container uagb-layout-grid uagb-block-4e102004\">\n<div class=\"wp-block-uagb-advanced-heading uagb-block-cdaed719\"><\/div>\n\n\n\n<div class=\"wp-block-uagb-advanced-heading uagb-block-cc12e72a\"><h2 class=\"uagb-heading-text\">Variedad \u00danica<\/h2><\/div>\n\n\n\n<div class=\"wp-block-uagb-advanced-heading uagb-block-4906a36c\"><p class=\"uagb-heading-text\">Ofrecemos una amplia gama de sabores que se adaptan a todos los gustos, incluyendo opciones endulzadas para una experiencia personalizada.<\/p><\/div>\n<\/div>\n\n\n\n<div class=\"wp-block-uagb-container uagb-layout-grid uagb-block-c6f9629e\">\n<div class=\"wp-block-uagb-advanced-heading uagb-block-926e7242\"><\/div>\n\n\n\n<div class=\"wp-block-uagb-advanced-heading uagb-block-853ff8a0\"><h2 class=\"uagb-heading-text\">Practicidad y Sabor<\/h2><\/div>\n\n\n\n<div class=\"wp-block-uagb-advanced-heading uagb-block-770ca4df\"><p class=\"uagb-heading-text\">Nuestros cubos son f\u00e1ciles de preparar, permitiendo disfrutar de un caf\u00e9 delicioso sin complicaciones en el hogar o en la oficina.<\/p><\/div>\n<\/div>\n<\/div><\/div>\n\n\n\n<div class=\"wp-block-uagb-container uagb-layout-grid uagb-block-c78a7fea alignfull uagb-is-root-container\">\t\t\t\t\t<div\n\t\t\t\t\t\tclass=\"wp-block-uagb-image-gallery uagb-block-4925dd8b\"\n\t\t\t\t\t\tstyle=\"\"\n\t\t\t\t\t>\n\t\t\t\t\t\t\t\t\t\t\t<div class=\"spectra-image-gallery spectra-image-gallery__layout--carousel\">\n\t\t\t\t\t\t\t\t<div class=\"uagb-slick-carousel uagb-block-4925dd8b\">\n\t\t\t\t\t\t\t\t\t\t\t\t<div class='spectra-image-gallery__media-wrapper' data-spectra-gallery-image-id='5361'>\n\t\t\t\t\t\t\t<div class=\"spectra-image-gallery__media spectra-image-gallery__media--carousel\">\n\t\t\t\t<picture>\n\t\t\t\t\t<source media=\"(min-width: 1024px)\" srcset=\"https:\/\/raigal.com.co\/wp-content\/uploads\/2024\/03\/CAFE-HOME_1.png\">\n\t\t\t\t\t<source media=\"(min-width: 768px)\" srcset=\"https:\/\/raigal.com.co\/wp-content\/uploads\/2024\/03\/CAFE-HOME_1-1024x576.png\">\n\t\t\t\t\t<img decoding=\"async\" class=\"spectra-image-gallery__media-thumbnail spectra-image-gallery__media-thumbnail--carousel\" src=\"https:\/\/raigal.com.co\/wp-content\/uploads\/2024\/03\/CAFE-HOME_1-300x169.png\" alt=\"CAFE HOME 1 300x169\" loading=\"lazy\" title=\"Home\">\n\t\t\t\t<\/picture>\n\t\t\t\t<div class=\"spectra-image-gallery__media-thumbnail-blurrer\"><\/div>\n\t\t\t\t\t\t\t\t\t\t\t<div class=\"spectra-image-gallery__media-thumbnail-caption-wrapper spectra-image-gallery__media-thumbnail-caption-wrapper--overlay\">\n\t\t\t\t\t\t\t\t\t\t\t<div class=\"spectra-image-gallery__media-thumbnail-caption spectra-image-gallery__media-thumbnail-caption--overlay\">\n\t\t\t\t\tNo Caption\t\t\t\t<\/div>\n\t\t\t\t\t\t\t\t\t\t<\/div>\n\t\t\t\t\t\t\t\t\t<\/div>\n\t\t\t\t\t\t<\/div>\n\t\t\t\t\t\t<div class='spectra-image-gallery__media-wrapper' data-spectra-gallery-image-id='5360'>\n\t\t\t\t\t\t\t<div class=\"spectra-image-gallery__media spectra-image-gallery__media--carousel\">\n\t\t\t\t<picture>\n\t\t\t\t\t<source media=\"(min-width: 1024px)\" srcset=\"https:\/\/raigal.com.co\/wp-content\/uploads\/2024\/03\/CAFE-HOME_3.png\">\n\t\t\t\t\t<source media=\"(min-width: 768px)\" srcset=\"https:\/\/raigal.com.co\/wp-content\/uploads\/2024\/03\/CAFE-HOME_3-1024x576.png\">\n\t\t\t\t\t<img decoding=\"async\" class=\"spectra-image-gallery__media-thumbnail spectra-image-gallery__media-thumbnail--carousel\" src=\"https:\/\/raigal.com.co\/wp-content\/uploads\/2024\/03\/CAFE-HOME_3-300x169.png\" alt=\"CAFE HOME 3 300x169\" loading=\"lazy\" title=\"Home\">\n\t\t\t\t<\/picture>\n\t\t\t\t<div class=\"spectra-image-gallery__media-thumbnail-blurrer\"><\/div>\n\t\t\t\t\t\t\t\t\t\t\t<div class=\"spectra-image-gallery__media-thumbnail-caption-wrapper spectra-image-gallery__media-thumbnail-caption-wrapper--overlay\">\n\t\t\t\t\t\t\t\t\t\t\t<div class=\"spectra-image-gallery__media-thumbnail-caption spectra-image-gallery__media-thumbnail-caption--overlay\">\n\t\t\t\t\tNo Caption\t\t\t\t<\/div>\n\t\t\t\t\t\t\t\t\t\t<\/div>\n\t\t\t\t\t\t\t\t\t<\/div>\n\t\t\t\t\t\t<\/div>\n\t\t\t\t\t\t<div class='spectra-image-gallery__media-wrapper' data-spectra-gallery-image-id='5359'>\n\t\t\t\t\t\t\t<div class=\"spectra-image-gallery__media spectra-image-gallery__media--carousel\">\n\t\t\t\t<picture>\n\t\t\t\t\t<source media=\"(min-width: 1024px)\" srcset=\"https:\/\/raigal.com.co\/wp-content\/uploads\/2024\/03\/CAFE-HOME_2.png\">\n\t\t\t\t\t<source media=\"(min-width: 768px)\" srcset=\"https:\/\/raigal.com.co\/wp-content\/uploads\/2024\/03\/CAFE-HOME_2-1024x576.png\">\n\t\t\t\t\t<img decoding=\"async\" class=\"spectra-image-gallery__media-thumbnail spectra-image-gallery__media-thumbnail--carousel\" src=\"https:\/\/raigal.com.co\/wp-content\/uploads\/2024\/03\/CAFE-HOME_2-300x169.png\" alt=\"CAFE HOME 2 300x169\" loading=\"lazy\" title=\"Home\">\n\t\t\t\t<\/picture>\n\t\t\t\t<div class=\"spectra-image-gallery__media-thumbnail-blurrer\"><\/div>\n\t\t\t\t\t\t\t\t\t\t\t<div class=\"spectra-image-gallery__media-thumbnail-caption-wrapper spectra-image-gallery__media-thumbnail-caption-wrapper--overlay\">\n\t\t\t\t\t\t\t\t\t\t\t<div class=\"spectra-image-gallery__media-thumbnail-caption spectra-image-gallery__media-thumbnail-caption--overlay\">\n\t\t\t\t\tNo Caption\t\t\t\t<\/div>\n\t\t\t\t\t\t\t\t\t\t<\/div>\n\t\t\t\t\t\t\t\t\t<\/div>\n\t\t\t\t\t\t<\/div>\n\t\t\t\t\t\t<div class='spectra-image-gallery__media-wrapper' data-spectra-gallery-image-id='5358'>\n\t\t\t\t\t\t\t<div class=\"spectra-image-gallery__media spectra-image-gallery__media--carousel\">\n\t\t\t\t<picture>\n\t\t\t\t\t<source media=\"(min-width: 1024px)\" srcset=\"https:\/\/raigal.com.co\/wp-content\/uploads\/2024\/03\/CAFE-HOME_4-copia.png\">\n\t\t\t\t\t<source media=\"(min-width: 768px)\" srcset=\"https:\/\/raigal.com.co\/wp-content\/uploads\/2024\/03\/CAFE-HOME_4-copia-1024x576.png\">\n\t\t\t\t\t<img decoding=\"async\" class=\"spectra-image-gallery__media-thumbnail spectra-image-gallery__media-thumbnail--carousel\" src=\"https:\/\/raigal.com.co\/wp-content\/uploads\/2024\/03\/CAFE-HOME_4-copia-300x169.png\" alt=\"CAFE HOME 4 Copia 300x169\" loading=\"lazy\" title=\"Home\">\n\t\t\t\t<\/picture>\n\t\t\t\t<div class=\"spectra-image-gallery__media-thumbnail-blurrer\"><\/div>\n\t\t\t\t\t\t\t\t\t\t\t<div class=\"spectra-image-gallery__media-thumbnail-caption-wrapper spectra-image-gallery__media-thumbnail-caption-wrapper--overlay\">\n\t\t\t\t\t\t\t\t\t\t\t<div class=\"spectra-image-gallery__media-thumbnail-caption spectra-image-gallery__media-thumbnail-caption--overlay\">\n\t\t\t\t\tNo Caption\t\t\t\t<\/div>\n\t\t\t\t\t\t\t\t\t\t<\/div>\n\t\t\t\t\t\t\t\t\t<\/div>\n\t\t\t\t\t\t<\/div>\n\t\t\t\t\t\t\t\t\t\t\t<\/div>\n\t\t\t\t\t\t\t<\/div>\n\t\t\t\t\t\t\t\t\t\t\t<\/div>\n\t\t\t\t\t\t\t\t\t<\/div>\n\n\n\n<div class=\"wp-block-uagb-container uagb-block-32cd69d1 alignfull uagb-is-root-container\"><div class=\"uagb-container-inner-blocks-wrap\">\n<div class=\"wp-block-uagb-image uagb-block-ca7994fa wp-block-uagb-image--layout-default wp-block-uagb-image--effect-static wp-block-uagb-image--align-none\"><figure class=\"wp-block-uagb-image__figure\"><img decoding=\"async\" srcset=\"https:\/\/raigal.com.co\/wp-content\/uploads\/2025\/01\/key-happiness.png ,https:\/\/raigal.com.co\/wp-content\/uploads\/2025\/01\/key-happiness.png 780w, https:\/\/raigal.com.co\/wp-content\/uploads\/2025\/01\/key-happiness.png 360w\" sizes=\"auto, (max-width: 480px) 150px\" src=\"https:\/\/raigal.com.co\/wp-content\/uploads\/2025\/01\/key-happiness.png\" alt=\"Key Happiness\" class=\"uag-image-5765\" width=\"814\" height=\"163\" title=\"key happiness\" loading=\"lazy\" role=\"img\"><\/figure><\/div>\n<\/div><\/div>\n\n\n\n<div class=\"wp-block-uagb-container uagb-block-c584b42a default uagb-is-root-container\">\n<div class=\"wp-block-uagb-info-box uagb-block-ffe5d344 uagb-infobox__content-wrap  uagb-infobox-icon-above-title uagb-infobox-image-valign-top wp-block-uagb-info-box--has-margin\"><div class=\"uagb-infobox-margin-wrapper\"><div class=\"uagb-ifb-content\"><div class=\"uagb-ifb-title-wrap\"><div class=\"uagb-ifb-separator\"><\/div><h2 class=\"uagb-ifb-title\">\u00a1\u00danete a nuestra experiencia cafetera!<\/h2><\/div><p class=\"uagb-ifb-desc\">Explora nuestras variedades y descubre el aut\u00e9ntico sabor del caf\u00e9 colombiano.<\/p><div class=\"uagb-ifb-button-wrapper wp-block-button\"><a href=\"\/en\/contact\/\" class=\"uagb-infobox-cta-link wp-block-button__link\" target=\"_self\" rel=\"noopener noreferrer\" onclick=\"return true;\"><span class=\"uagb-inline-editing\">Descubre m\u00e1s<\/span><\/a><\/div><\/div><\/div><\/div>\n<\/div>","protected":false},"excerpt":{"rendered":"<p>Nuestros Productos \u00a1Prueba nuestros exquisitos caf\u00e9s hoy! Nuestra Propuesta \u00danica Calidad Premium Seleccionamos a mano los mejores granos de caf\u00e9 [&hellip;]<\/p>\n","protected":false},"author":1,"featured_media":0,"parent":0,"menu_order":0,"comment_status":"closed","ping_status":"closed","template":"","meta":{"_uag_custom_page_level_css":"","site-sidebar-layout":"default","site-content-layout":"","ast-site-content-layout":"default","site-content-style":"default","site-sidebar-style":"default","ast-global-header-display":"","ast-banner-title-visibility":"","ast-main-header-display":"","ast-hfb-above-header-display":"","ast-hfb-below-header-display":"","ast-hfb-mobile-header-display":"","site-post-title":"disabled","ast-breadcrumbs-content":"","ast-featured-img":"","footer-sml-layout":"","ast-disable-related-posts":"","theme-transparent-header-meta":"","adv-header-id-meta":"","stick-header-meta":"","header-above-stick-meta":"","header-main-stick-meta":"","header-below-stick-meta":"","astra-migrate-meta-layouts":"default","ast-page-background-enabled":"default","ast-page-background-meta":{"desktop":{"background-color":"var(--ast-global-color-4)","background-image":"","background-repeat":"repeat","background-position":"center center","background-size":"auto","background-attachment":"scroll","background-type":"","background-media":"","overlay-type":"","overlay-color":"","overlay-opacity":"","overlay-gradient":""},"tablet":{"background-color":"","background-image":"","background-repeat":"repeat","background-position":"center center","background-size":"auto","background-attachment":"scroll","background-type":"","background-media":"","overlay-type":"","overlay-color":"","overlay-opacity":"","overlay-gradient":""},"mobile":{"background-color":"","background-image":"","background-repeat":"repeat","background-position":"center center","background-size":"auto","background-attachment":"scroll","background-type":"","background-media":"","overlay-type":"","overlay-color":"","overlay-opacity":"","overlay-gradient":""}},"ast-content-background-meta":{"desktop":{"background-color":"var(--ast-global-color-5)","background-image":"","background-repeat":"repeat","background-position":"center center","background-size":"auto","background-attachment":"scroll","background-type":"","background-media":"","overlay-type":"","overlay-color":"","overlay-opacity":"","overlay-gradient":""},"tablet":{"background-color":"var(--ast-global-color-5)","background-image":"","background-repeat":"repeat","background-position":"center center","background-size":"auto","background-attachment":"scroll","background-type":"","background-media":"","overlay-type":"","overlay-color":"","overlay-opacity":"","overlay-gradient":""},"mobile":{"background-color":"var(--ast-global-color-5)","background-image":"","background-repeat":"repeat","background-position":"center center","background-size":"auto","background-attachment":"scroll","background-type":"","background-media":"","overlay-type":"","overlay-color":"","overlay-opacity":"","overlay-gradient":""}},"_vp_format_video_url":"","_vp_image_focal_point":[],"footnotes":""},"class_list":["post-5810","page","type-page","status-publish","hentry"],"uagb_featured_image_src":{"full":false,"thumbnail":false,"medium":false,"medium_large":false,"large":false,"1536x1536":false,"2048x2048":false,"trp-custom-language-flag":false,"vp_sm":false,"vp_md":false,"vp_lg":false,"vp_xl":false,"vp_sm_popup":false,"vp_md_popup":false,"vp_xl_popup":false,"woocommerce_thumbnail":false,"woocommerce_single":false,"woocommerce_gallery_thumbnail":false},"uagb_author_info":{"display_name":"info","author_link":"https:\/\/raigal.com.co\/en\/author\/info\/"},"uagb_comment_info":0,"uagb_excerpt":"Nuestros Productos \u00a1Prueba nuestros exquisitos caf\u00e9s hoy! Nuestra Propuesta \u00danica Calidad Premium Seleccionamos a mano los mejores granos de caf\u00e9 [&hellip;]","_links":{"self":[{"href":"https:\/\/raigal.com.co\/en\/wp-json\/wp\/v2\/pages\/5810","targetHints":{"allow":["GET"]}}],"collection":[{"href":"https:\/\/raigal.com.co\/en\/wp-json\/wp\/v2\/pages"}],"about":[{"href":"https:\/\/raigal.com.co\/en\/wp-json\/wp\/v2\/types\/page"}],"author":[{"embeddable":true,"href":"https:\/\/raigal.com.co\/en\/wp-json\/wp\/v2\/users\/1"}],"replies":[{"embeddable":true,"href":"https:\/\/raigal.com.co\/en\/wp-json\/wp\/v2\/comments?post=5810"}],"version-history":[{"count":10,"href":"https:\/\/raigal.com.co\/en\/wp-json\/wp\/v2\/pages\/5810\/revisions"}],"predecessor-version":[{"id":5899,"href":"https:\/\/raigal.com.co\/en\/wp-json\/wp\/v2\/pages\/5810\/revisions\/5899"}],"wp:attachment":[{"href":"https:\/\/raigal.com.co\/en\/wp-json\/wp\/v2\/media?parent=5810"}],"curies":[{"name":"wp","href":"https:\/\/api.w.org\/{rel}","templated":true}]}}